{"id":4782,"date":"2023-07-25T22:33:30","date_gmt":"2023-07-25T19:33:30","guid":{"rendered":"http:\/\/dedeks.com\/dedeks-metal-hipodermik-igne-ucu\/"},"modified":"2024-01-16T15:55:10","modified_gmt":"2024-01-16T15:55:10","slug":"dedeks-metal-hipodermik-igne-ucu","status":"publish","type":"page","link":"https:\/\/dedeks.com\/de\/dedeks-metal-hipodermik-igne-ucu\/","title":{"rendered":"DEDEKS\u00ae METAL H\u0130PODERM\u0130K \u0130\u011eNE UCU"},"content":{"rendered":"","protected":false},"excerpt":{"rendered":"","protected":false},"author":2,"featured_media":0,"parent":0,"menu_order":0,"comment_status":"closed","ping_status":"closed","template":"","meta":{"om_disable_all_campaigns":false,"footnotes":""},"class_list":["post-4782","page","type-page","status-publish","hentry"],"aioseo_notices":[],"_links":{"self":[{"href":"https:\/\/dedeks.com\/de\/wp-json\/wp\/v2\/pages\/4782","targetHints":{"allow":["GET"]}}],"collection":[{"href":"https:\/\/dedeks.com\/de\/wp-json\/wp\/v2\/pages"}],"about":[{"href":"https:\/\/dedeks.com\/de\/wp-json\/wp\/v2\/types\/page"}],"author":[{"embeddable":true,"href":"https:\/\/dedeks.com\/de\/wp-json\/wp\/v2\/users\/2"}],"replies":[{"embeddable":true,"href":"https:\/\/dedeks.com\/de\/wp-json\/wp\/v2\/comments?post=4782"}],"version-history":[{"count":0,"href":"https:\/\/dedeks.com\/de\/wp-json\/wp\/v2\/pages\/4782\/revisions"}],"wp:attachment":[{"href":"https:\/\/dedeks.com\/de\/wp-json\/wp\/v2\/media?parent=4782"}],"curies":[{"name":"wp","href":"https:\/\/api.w.org\/{rel}","templated":true}]}}