{"id":9986,"date":"2024-10-14T14:24:24","date_gmt":"2024-10-14T11:24:24","guid":{"rendered":"https:\/\/dedeks.com\/ausruestung-fuer-notfallmassnahmen\/"},"modified":"2025-08-02T20:15:48","modified_gmt":"2025-08-02T17:15:48","slug":"ausruestung-fuer-notfallmassnahmen","status":"publish","type":"page","link":"https:\/\/dedeks.com\/de\/ausruestung-fuer-notfallmassnahmen\/","title":{"rendered":"Ausr\u00fcstung f\u00fcr Notfallma\u00dfnahmen"},"content":{"rendered":"","protected":false},"excerpt":{"rendered":"","protected":false},"author":2,"featured_media":0,"parent":0,"menu_order":0,"comment_status":"closed","ping_status":"closed","template":"","meta":{"om_disable_all_campaigns":false,"footnotes":""},"class_list":["post-9986","page","type-page","status-publish","hentry"],"aioseo_notices":[],"_links":{"self":[{"href":"https:\/\/dedeks.com\/de\/wp-json\/wp\/v2\/pages\/9986","targetHints":{"allow":["GET"]}}],"collection":[{"href":"https:\/\/dedeks.com\/de\/wp-json\/wp\/v2\/pages"}],"about":[{"href":"https:\/\/dedeks.com\/de\/wp-json\/wp\/v2\/types\/page"}],"author":[{"embeddable":true,"href":"https:\/\/dedeks.com\/de\/wp-json\/wp\/v2\/users\/2"}],"replies":[{"embeddable":true,"href":"https:\/\/dedeks.com\/de\/wp-json\/wp\/v2\/comments?post=9986"}],"version-history":[{"count":2,"href":"https:\/\/dedeks.com\/de\/wp-json\/wp\/v2\/pages\/9986\/revisions"}],"predecessor-version":[{"id":11241,"href":"https:\/\/dedeks.com\/de\/wp-json\/wp\/v2\/pages\/9986\/revisions\/11241"}],"wp:attachment":[{"href":"https:\/\/dedeks.com\/de\/wp-json\/wp\/v2\/media?parent=9986"}],"curies":[{"name":"wp","href":"https:\/\/api.w.org\/{rel}","templated":true}]}}