{"id":5937,"date":"2023-11-16T18:20:15","date_gmt":"2023-11-16T15:20:15","guid":{"rendered":"http:\/\/dedeks.com\/dedeks-dogum-ipi\/"},"modified":"2024-07-25T15:56:57","modified_gmt":"2024-07-25T15:56:57","slug":"dedeks-dogum-ipi","status":"publish","type":"page","link":"https:\/\/dedeks.com\/ru\/dedeks-dogum-ipi\/","title":{"rendered":"DEDEKS\u00ae DO\u011eUM \u0130P\u0130"},"content":{"rendered":"","protected":false},"excerpt":{"rendered":"","protected":false},"author":2,"featured_media":0,"parent":0,"menu_order":0,"comment_status":"closed","ping_status":"closed","template":"","meta":{"om_disable_all_campaigns":false,"footnotes":""},"class_list":["post-5937","page","type-page","status-publish","hentry"],"aioseo_notices":[],"_links":{"self":[{"href":"https:\/\/dedeks.com\/ru\/wp-json\/wp\/v2\/pages\/5937","targetHints":{"allow":["GET"]}}],"collection":[{"href":"https:\/\/dedeks.com\/ru\/wp-json\/wp\/v2\/pages"}],"about":[{"href":"https:\/\/dedeks.com\/ru\/wp-json\/wp\/v2\/types\/page"}],"author":[{"embeddable":true,"href":"https:\/\/dedeks.com\/ru\/wp-json\/wp\/v2\/users\/2"}],"replies":[{"embeddable":true,"href":"https:\/\/dedeks.com\/ru\/wp-json\/wp\/v2\/comments?post=5937"}],"version-history":[{"count":0,"href":"https:\/\/dedeks.com\/ru\/wp-json\/wp\/v2\/pages\/5937\/revisions"}],"wp:attachment":[{"href":"https:\/\/dedeks.com\/ru\/wp-json\/wp\/v2\/media?parent=5937"}],"curies":[{"name":"wp","href":"https:\/\/api.w.org\/{rel}","templated":true}]}}